
{"id":40396,"date":"2024-05-03T13:08:23","date_gmt":"2024-05-03T11:08:23","guid":{"rendered":"https:\/\/eu.acaris.net\/produkt\/horse-protector-mobile\/"},"modified":"2026-03-24T11:04:40","modified_gmt":"2026-03-24T10:04:40","slug":"horse-protector-mobile","status":"publish","type":"product","link":"http:\/\/34.91.117.39\/en\/produkt\/horse-protector-mobile\/","title":{"rendered":"HORSE PROTECTOR &#8211; Mobile Version"},"content":{"rendered":"<p>Der HORSE PROTECTOR inkl. alle Premium Funktionen! Freuen Sie sich auf die besten am Markt verf\u00fcgbaren Funktionen um Ihr Pferd immer im Blick zu haben, selbst wenn Sie gerade keine Zeit haben. Mit dem Premium Paket erhalten Sie alle Funktionen f\u00fcr den ambitionierten Pferdebesitzer:<\/p>\n<ol>\n<li>Mobiler Einsatz f\u00fcr Stallzelte und den Turniereinsatz<\/li>\n<li>Der beste Kolik-Alarm am Markt<\/li>\n<li>Zuverl\u00e4ssiger Eindringlingsalarm<\/li>\n<li>Alarmierung per Anruf<\/li>\n<li>Gesundheitsmonitoring Funktion<\/li>\n<li>Live-Stream<\/li>\n<li>Gespeicherte Videos und Bilder der letzten 2 Tage<\/li>\n<li>Premium support (Telefon und Nachrichtensystem)<\/li>\n<li>Live-Gesundheitsberichte und Einsch\u00e4tzungen<\/li>\n<li>Tagesreports f\u00fcr das professionelle Training und Stallmanagement<\/li>\n<li>Professional Dashboard, alle Ihre W\u00e4chter auf einen Blick<\/li>\n<li>Push-Alarme auf mehrere Smartphones gleichzeitig<\/li>\n<\/ol>\n<p>Bezahlungmethode:<\/p>\n<p>Einmalzahlung, keine weiteren Kosten f\u00fcr das beschriebene Paket danach.<\/p>\n<h2>Lieferumfang<\/h2>\n<p>Jeder HORSE PROTECTOR wird betriebsbereit geliefert:<\/p>\n<ul class=\"package-contents-list\">\n<li>HORSE PROTECTOR Spezialkamera<\/li>\n<li>Elektrostativ mit Transportkoffer f\u00fcr den mobilen Einsatz<\/li>\n<li>Befestigungsmaterial und Kabel f\u00fcr den Akku (Akku nicht im Lieferumfang enthalten)<\/li>\n<li>LAN und WLAN-Funktion<\/li>\n<li>LTE-Modem (SIM Karte nicht im Lieferumfang enthalten)<\/li>\n<li>App-Zugriff<\/li>\n<li>IR-Lichtquelle<\/li>\n<li>Stromversorgung<\/li>\n<li>Montagehalterungen<\/li>\n<li>Installationsanleitung<\/li>\n<li>Boxenschild<\/li>\n<\/ul>\n<p>In der LTE-Variante au\u00dferdem enthalten:<\/p>\n<ul>\n<li>LTE-Router<\/li>\n<li>Kabel und Netzteil f\u00fcr die Stromversorgung des Routers<\/li>\n<\/ul>\n<p>Hinweis: F\u00fcr den LTE-Betrieb ben\u00f6tigen Sie zus\u00e4tzlich eine SIM-Karte mit einem monatlichen Datenvolumen von mindestens 8 GB (nicht im Lieferumfang enthalten).<\/p>\n<p>Selbstverst\u00e4ndlich k\u00f6nnen Sie sich jederzeit bei technischen Problemen an unseren Support wenden \u00fcber das ACARiS Nachrichtensystem in der App und auf der Webseite oder telefonisch (nur bei dem HORSE PROTECTOR Mobile, Premium und Breeder Packet enthalten). Neben kontinuierlichen Updates ist eine zweij\u00e4hrige Gew\u00e4hrleistung inbegriffen (siehe <a href=\"\/de_de\/agb\/\">AGBs<\/a>).<\/p>\n","protected":false},"excerpt":{"rendered":"<p>The HORSE PROTECTOR incl. all functions! Look forward to the best functions available on the market to keep an eye on your horse at all times, even when you don&#8217;t have time. With the Complete package, you get all the functions for the ambitious horse owner:<\/p>\n<ol>\n<li>The world\u2019s leading birth alert<\/li>\n<li>Mobile use for stable tents and tournament use<\/li>\n<li>The best colic alarm on the market<\/li>\n<li>Reliable intruder alarm<\/li>\n<li>Alerting by call<\/li>\n<li>Health monitoring function<\/li>\n<li>Live stream<\/li>\n<li>Saved videos and images from the last 2 days<\/li>\n<li>Premium support (telephone and messaging system)<\/li>\n<li>Live health reports and assessments<\/li>\n<li>Daily reports for professional training and stable management<\/li>\n<li>Professional Dashboard, all your guards at a glance<\/li>\n<li>Push alerts to several smartphones at the same time<\/li>\n<\/ol>\n<p>Payment method:<\/p>\n<p>One-time payment, no further costs for the described package afterward.<\/p>\n<h2>Scope of delivery<\/h2>\n<p>Every HORSE PROTECTOR is supplied ready for use:<\/p>\n<ul class=\"package-contents-list\">\n<li>HORSE PROTECTOR special camera<\/li>\n<li>Electric tripod with transport case for mobile use<\/li>\n<li>Mounting material and cable for the battery (battery not included)<\/li>\n<li>LAN and WiFi function<\/li>\n<li>LTE modem (SIM card not included in the scope of delivery)<\/li>\n<li>App access<\/li>\n<li>IR light source<\/li>\n<li>Power supply<\/li>\n<li>Mounting brackets<\/li>\n<li>Installation instructions<\/li>\n<li>Box sign<\/li>\n<\/ul>\n<p>Also included in the LTE version:<\/p>\n<ul>\n<li>LTE router<\/li>\n<li>Cable and power supply unit for the router power supply<\/li>\n<\/ul>\n<p>Note: For LTE operation, you also need a SIM card with a monthly data volume of at least 8 GB (not included).<\/p>\n<p>Of course, you can contact our support team at any time with technical problems via the ACARiS messaging system in the app and on the website or by phone (only included with the HORSE PROTECTOR Mobile, Premium and Breeder Package). In addition to continuous updates, a two-year warranty is included (see <a href=\"https:\/\/eu.acaris.net\/en\/terms-and-conditions\/\">terms and conditions<\/a>).<\/p>\n<p>Technical information can be found <a target=\"_blank\" rel=\"noopener noreferrer\" href=\"\/wp-content\/uploads\/2026\/03\/Technischen-Daten-HORSE-PROTECTOR-2.0.docx-EN.docx.pdf\">here<\/a>.<\/p>\n","protected":false},"featured_media":30969,"template":"","meta":{"_acf_changed":false,"inline_featured_image":false},"product_brand":[],"product_cat":[216],"product_tag":[],"class_list":{"0":"post-40396","1":"product","2":"type-product","3":"status-publish","4":"has-post-thumbnail","6":"product_cat-waechter-abos-en","7":"product_shipping_class-mobile-system-en","9":"first","10":"instock","11":"taxable","12":"shipping-taxable","13":"purchasable","14":"product-type-variable"},"acf":[],"_links":{"self":[{"href":"http:\/\/34.91.117.39\/en\/wp-json\/wp\/v2\/product\/40396","targetHints":{"allow":["GET"]}}],"collection":[{"href":"http:\/\/34.91.117.39\/en\/wp-json\/wp\/v2\/product"}],"about":[{"href":"http:\/\/34.91.117.39\/en\/wp-json\/wp\/v2\/types\/product"}],"wp:featuredmedia":[{"embeddable":true,"href":"http:\/\/34.91.117.39\/en\/wp-json\/wp\/v2\/media\/30969"}],"wp:attachment":[{"href":"http:\/\/34.91.117.39\/en\/wp-json\/wp\/v2\/media?parent=40396"}],"wp:term":[{"taxonomy":"product_brand","embeddable":true,"href":"http:\/\/34.91.117.39\/en\/wp-json\/wp\/v2\/product_brand?post=40396"},{"taxonomy":"product_cat","embeddable":true,"href":"http:\/\/34.91.117.39\/en\/wp-json\/wp\/v2\/product_cat?post=40396"},{"taxonomy":"product_tag","embeddable":true,"href":"http:\/\/34.91.117.39\/en\/wp-json\/wp\/v2\/product_tag?post=40396"}],"curies":[{"name":"wp","href":"https:\/\/api.w.org\/{rel}","templated":true}]}}